{"id":1449,"date":"2014-08-19T11:10:40","date_gmt":"2014-08-19T09:10:40","guid":{"rendered":"http:\/\/www.familienplanungszentrum.de\/?page_id=1449"},"modified":"2020-03-31T14:29:12","modified_gmt":"2020-03-31T12:29:12","slug":"pregnancy-and-childbirth","status":"publish","type":"page","link":"https:\/\/www.familienplanungszentrum.de\/en\/our-offers\/pregnancy-and-childbirth\/","title":{"rendered":"Pregnancy and childbirth"},"content":{"rendered":"<h2><img loading=\"lazy\" decoding=\"async\" class=\"size-full wp-image-617 alignright\" src=\"https:\/\/www.familienplanungszentrum.de\/wp-content\/uploads\/schwangerschaft-geburt.jpg\" alt=\"schwangerschaft-geburt\" width=\"228\" height=\"343\" srcset=\"https:\/\/www.familienplanungszentrum.de\/wp-content\/uploads\/schwangerschaft-geburt.jpg 228w, https:\/\/www.familienplanungszentrum.de\/wp-content\/uploads\/schwangerschaft-geburt-170x255.jpg 170w\" sizes=\"auto, (max-width: 228px) 100vw, 228px\" \/>Pregnancy and childbirth<\/h2>\r\n<p>Pregnancy is one of the most exciting times in life. Since this is also the time in which a lot of questions come up, enjoyment and concern alternate frequently.<\/p>\r\n<p>We would like to help you to get a general idea about the topics that are most important to you. We are of course available for you, either during our telephone consulting hours or during an appointment in the Family Planning Centre.<\/p>\r\n<p>In addition to the Family Planning Centre there are several other places to turn to with all questions regarding pregnancy and childbirth. We will inform you about institutions cooperating with us and other counselling centres.<\/p>\r\n<h4>Classes on Pregnancy and Childbirth in the Familiy Planning Centre:<\/h4>\r\n<ul class=\"filters\">\r\n\t<li><strong>Antenatal classes \u00bb<\/strong>\r\n<div>\r\n<p>Wochenend-Intensivkurs mit Partner <br \/>\r\n14 Stunden an einem Wochenende<\/p>\r\n<\/div>\r\n<\/li>\r\n\t<li><strong>Antenatal gymnastics \u00bb<\/strong>\r\n<div>\r\n<p>Yoga, Gymnastik, Atem- und Entspannungs\u00fcbungen<\/p>\r\n<\/div>\r\n<\/li>\r\n\t<li><strong>Pelvic floor exercise after childbirth \u00bb<\/strong>\r\n<div>\r\n<p>Beckenboden-, R\u00fccken- und Bauchmuskel\u00fcbungen, Yoga und Entspannung<\/p>\r\n<\/div>\r\n<\/li>\r\n\t<li><strong>Indian massage for the baby \u00bb<\/strong>\r\n<div>\r\n<p>ein Verw\u00f6hnprogramm f\u00fcr Babys - entspannend und gesundheitsf\u00f6rdernd<\/p>\r\n<\/div>\r\n<\/li>\r\n<\/ul>","protected":false},"excerpt":{"rendered":"<p>Pregnancy and childbirth Pregnancy is one of the most exciting times in life. Since this is also the time in which a lot of questions come up, enjoyment and concern alternate frequently. We would like to help you to get a general idea about the topics that are most important to you. We are of course available for you, either during our telephone consulting hours or during an appointment in the Family Planning Centre. In addition to the Family Planning Centre there are several other places to turn to with all questions regarding pregnancy and childbirth. We will inform you about institutions cooperating with us and other counselling centres. Classes on Pregnancy and Childbirth in the Familiy Planning Centre: Antenatal classes \u00bb Wochenend-Intensivkurs mit Partner 14 Stunden an einem Wochenende Antenatal gymnastics \u00bb Yoga, Gymnastik, Atem- und Entspannungs\u00fcbungen Pelvic floor exercise after childbirth \u00bb Beckenboden-, R\u00fccken- und Bauchmuskel\u00fcbungen, Yoga und Entspannung Indian massage for the baby \u00bb ein Verw\u00f6hnprogramm f\u00fcr Babys &#8211; entspannend und gesundheitsf\u00f6rdernd<\/p>\n","protected":false},"author":1,"featured_media":0,"parent":1521,"menu_order":4,"comment_status":"closed","ping_status":"closed","template":"","meta":{"_acf_changed":false,"footnotes":""},"class_list":["post-1449","page","type-page","status-publish","hentry"],"acf":[],"_links":{"self":[{"href":"https:\/\/www.familienplanungszentrum.de\/en\/wp-json\/wp\/v2\/pages\/1449","targetHints":{"allow":["GET"]}}],"collection":[{"href":"https:\/\/www.familienplanungszentrum.de\/en\/wp-json\/wp\/v2\/pages"}],"about":[{"href":"https:\/\/www.familienplanungszentrum.de\/en\/wp-json\/wp\/v2\/types\/page"}],"author":[{"embeddable":true,"href":"https:\/\/www.familienplanungszentrum.de\/en\/wp-json\/wp\/v2\/users\/1"}],"replies":[{"embeddable":true,"href":"https:\/\/www.familienplanungszentrum.de\/en\/wp-json\/wp\/v2\/comments?post=1449"}],"version-history":[{"count":2,"href":"https:\/\/www.familienplanungszentrum.de\/en\/wp-json\/wp\/v2\/pages\/1449\/revisions"}],"predecessor-version":[{"id":4143,"href":"https:\/\/www.familienplanungszentrum.de\/en\/wp-json\/wp\/v2\/pages\/1449\/revisions\/4143"}],"up":[{"embeddable":true,"href":"https:\/\/www.familienplanungszentrum.de\/en\/wp-json\/wp\/v2\/pages\/1521"}],"wp:attachment":[{"href":"https:\/\/www.familienplanungszentrum.de\/en\/wp-json\/wp\/v2\/media?parent=1449"}],"curies":[{"name":"wp","href":"https:\/\/api.w.org\/{rel}","templated":true}]}}